{"id":3044,"date":"2025-05-23T08:34:12","date_gmt":"2025-05-23T08:34:12","guid":{"rendered":"https:\/\/www.compassrent.net\/sense%20categoria\/globecar-globescout-plus\/"},"modified":"2025-11-28T17:48:39","modified_gmt":"2025-11-28T17:48:39","slug":"globecar-globescout-plus","status":"publish","type":"product","link":"https:\/\/www.compassrent.net\/ca\/lloguer-campers-ca\/globecar-globescout-plus\/","title":{"rendered":"Globecar Globescout Plus"},"content":{"rendered":"<p data-start=\"242\" data-end=\"379\"><strong data-start=\"242\" data-end=\"253\">Chasis:<\/strong> Citro\u00ebn Jumper<br data-start=\"268\" data-end=\"271\" \/><strong data-start=\"271\" data-end=\"281\">Motor:<\/strong> Citro\u00ebn 2.2L BlueHDI 140cv<br data-start=\"300\" data-end=\"303\" \/><strong data-start=\"303\" data-end=\"311\">MMA:<\/strong> 3.500 kg<br data-start=\"320\" data-end=\"323\" \/><strong data-start=\"323\" data-end=\"334\">Plazas:<\/strong> 4 para viajar \/ 4 para dormir<br data-start=\"364\" data-end=\"367\" \/><strong data-start=\"367\" data-end=\"377\">Camas:<\/strong><\/p>\n<ul data-start=\"380\" data-end=\"469\">\n<li data-start=\"380\" data-end=\"426\">\n<p data-start=\"382\" data-end=\"426\">Trasera fija abatible: 1960 x 1480\/1420 mm<\/p>\n<\/li>\n<li data-start=\"427\" data-end=\"469\">\n<p data-start=\"429\" data-end=\"469\">Cama adicional en sal\u00f3n: 1800 x 700 mm<\/p>\n<\/li>\n<\/ul>\n<p data-start=\"471\" data-end=\"500\"><strong data-start=\"471\" data-end=\"498\">Dimensiones exteriores:<\/strong><\/p>\n<ul data-start=\"501\" data-end=\"566\">\n<li data-start=\"501\" data-end=\"523\">\n<p data-start=\"503\" data-end=\"523\">Longitud: 5.998 mm<\/p>\n<\/li>\n<li data-start=\"524\" data-end=\"545\">\n<p data-start=\"526\" data-end=\"545\">Anchura: 2.050 mm<\/p>\n<\/li>\n<li data-start=\"546\" data-end=\"566\">\n<p data-start=\"548\" data-end=\"566\">Altura: 2.580 mm<\/p>\n<\/li>\n<\/ul>\n<hr \/>\n<p data-start=\"573\" data-end=\"599\"><strong data-start=\"573\" data-end=\"599\">Equipamiento incluido:<\/strong><\/p>\n<ul data-start=\"601\" data-end=\"1183\">\n<li data-start=\"601\" data-end=\"633\">\n<p data-start=\"603\" data-end=\"633\">Aire acondicionado en cabina<\/p>\n<\/li>\n<li data-start=\"634\" data-end=\"667\">\n<p data-start=\"636\" data-end=\"667\">Tempomat (control de crucero)<\/p>\n<\/li>\n<li data-start=\"668\" data-end=\"698\">\n<p data-start=\"670\" data-end=\"698\">ESP, ABS, ASR, Hill Holder<\/p>\n<\/li>\n<li data-start=\"699\" data-end=\"733\">\n<p data-start=\"701\" data-end=\"733\">Airbag conductor y acompa\u00f1ante<\/p>\n<\/li>\n<li data-start=\"734\" data-end=\"753\">\n<p data-start=\"736\" data-end=\"753\">Volante en piel<\/p>\n<\/li>\n<li data-start=\"754\" data-end=\"782\">\n<p data-start=\"756\" data-end=\"782\">Sensores de luz y lluvia<\/p>\n<\/li>\n<li data-start=\"783\" data-end=\"812\">\n<p data-start=\"785\" data-end=\"812\">Inmovilizador electr\u00f3nico<\/p>\n<\/li>\n<li data-start=\"813\" data-end=\"858\">\n<p data-start=\"815\" data-end=\"858\">Cierre centralizado con mando a distancia<\/p>\n<\/li>\n<li data-start=\"859\" data-end=\"884\">\n<p data-start=\"861\" data-end=\"884\">Elevalunas el\u00e9ctricos<\/p>\n<\/li>\n<li data-start=\"885\" data-end=\"937\">\n<p data-start=\"887\" data-end=\"937\">Escal\u00f3n el\u00e9ctrico ancho con alarma e iluminaci\u00f3n<\/p>\n<\/li>\n<li data-start=\"938\" data-end=\"986\">\n<p data-start=\"940\" data-end=\"986\">Mosquitera REMIS en puerta lateral corredera<\/p>\n<\/li>\n<li data-start=\"987\" data-end=\"1024\">\n<p data-start=\"989\" data-end=\"1024\">Asientos Captain Chair giratorios<\/p>\n<\/li>\n<li data-start=\"1025\" data-end=\"1043\">\n<p data-start=\"1027\" data-end=\"1043\">Luz de d\u00eda LED<\/p>\n<\/li>\n<li data-start=\"1044\" data-end=\"1078\">\n<p data-start=\"1046\" data-end=\"1078\">Alternador reforzado de 220 Ah<\/p>\n<\/li>\n<li data-start=\"1079\" data-end=\"1101\">\n<p data-start=\"1081\" data-end=\"1101\">Booster de bater\u00eda<\/p>\n<\/li>\n<li data-start=\"1102\" data-end=\"1132\">\n<p data-start=\"1104\" data-end=\"1132\">Llantas de aluminio de 15\u201d<\/p>\n<\/li>\n<li data-start=\"1133\" data-end=\"1161\">\n<p data-start=\"1135\" data-end=\"1161\">Dep\u00f3sito de gasoil: 90 L<\/p>\n<\/li>\n<li data-start=\"1162\" data-end=\"1183\">\n<p data-start=\"1164\" data-end=\"1183\">Rueda de repuesto<\/p>\n<\/li>\n<\/ul>\n<hr \/>\n<p data-start=\"2045\" data-end=\"2065\"><strong data-start=\"2045\" data-end=\"2065\">Incluye tambi\u00e9n:<\/strong><\/p>\n<ul data-start=\"2067\" data-end=\"2315\">\n<li data-start=\"2067\" data-end=\"2095\">\n<p data-start=\"2069\" data-end=\"2095\">Cu\u00f1as de estacionamiento<\/p>\n<\/li>\n<li data-start=\"2096\" data-end=\"2118\">\n<p data-start=\"2098\" data-end=\"2118\">Cable de corriente<\/p>\n<\/li>\n<li data-start=\"2119\" data-end=\"2147\">\n<p data-start=\"2121\" data-end=\"2147\">Manguera de agua potable<\/p>\n<\/li>\n<li data-start=\"2148\" data-end=\"2201\">\n<p data-start=\"2150\" data-end=\"2201\">Dep\u00f3sito de gasoil lleno (se debe devolver lleno)<\/p>\n<\/li>\n<li data-start=\"2202\" data-end=\"2221\">\n<p data-start=\"2204\" data-end=\"2221\">Bombonas de gas<\/p>\n<\/li>\n<li data-start=\"2222\" data-end=\"2241\">\n<p data-start=\"2224\" data-end=\"2241\">L\u00edquido para WC<\/p>\n<\/li>\n<li data-start=\"2242\" data-end=\"2273\">\n<p data-start=\"2244\" data-end=\"2273\">Asistencia en carretera 24H<\/p>\n<\/li>\n<li data-start=\"2274\" data-end=\"2295\">\n<p data-start=\"2276\" data-end=\"2295\">Limpieza exterior<\/p>\n<\/li>\n<li data-start=\"2296\" data-end=\"2315\">\n<p data-start=\"2298\" data-end=\"2315\">Kit de limpieza<\/p>\n<\/li>\n<\/ul>\n<hr \/>\n<ul>\n<li>IVA 21%<\/li>\n<li>Seguro a todo riesgo con franquicia 900\u20ac por siniestro (VISA)<\/li>\n<\/ul>\n","protected":false},"excerpt":{"rendered":"<p>Chasis: Citro\u00ebn JumperMotor: Citro\u00ebn 2.2L BlueHDI 140cvMMA: 3.500 kgPlazas: 4 para viajar \/ 4 para dormirCamas: Trasera fija abatible: 1960 x 1480\/1420 mm Cama adicional en sal\u00f3n: 1800 x 700 mm Dimensiones exteriores: Longitud: 5.998 mm Anchura: 2.050 mm Altura: 2.580 mm Equipamiento incluido: Aire acondicionado en cabina Tempomat (control de crucero) ESP, ABS, ASR, [&hellip;]<\/p>\n","protected":false},"featured_media":3109,"comment_status":"open","ping_status":"closed","template":"","meta":[],"product_brand":[],"product_cat":[90],"product_tag":[],"class_list":{"0":"post-3044","1":"product","2":"type-product","3":"status-publish","4":"has-post-thumbnail","6":"product_cat-lloguer-campers-ca","8":"first","9":"instock","10":"shipping-taxable","11":"product-type-simple"},"_links":{"self":[{"href":"https:\/\/www.compassrent.net\/ca\/wp-json\/wp\/v2\/product\/3044","targetHints":{"allow":["GET"]}}],"collection":[{"href":"https:\/\/www.compassrent.net\/ca\/wp-json\/wp\/v2\/product"}],"about":[{"href":"https:\/\/www.compassrent.net\/ca\/wp-json\/wp\/v2\/types\/product"}],"replies":[{"embeddable":true,"href":"https:\/\/www.compassrent.net\/ca\/wp-json\/wp\/v2\/comments?post=3044"}],"wp:featuredmedia":[{"embeddable":true,"href":"https:\/\/www.compassrent.net\/ca\/wp-json\/wp\/v2\/media\/3109"}],"wp:attachment":[{"href":"https:\/\/www.compassrent.net\/ca\/wp-json\/wp\/v2\/media?parent=3044"}],"wp:term":[{"taxonomy":"product_brand","embeddable":true,"href":"https:\/\/www.compassrent.net\/ca\/wp-json\/wp\/v2\/product_brand?post=3044"},{"taxonomy":"product_cat","embeddable":true,"href":"https:\/\/www.compassrent.net\/ca\/wp-json\/wp\/v2\/product_cat?post=3044"},{"taxonomy":"product_tag","embeddable":true,"href":"https:\/\/www.compassrent.net\/ca\/wp-json\/wp\/v2\/product_tag?post=3044"}],"curies":[{"name":"wp","href":"https:\/\/api.w.org\/{rel}","templated":true}]}}