{"id":2928,"date":"2025-05-22T11:03:11","date_gmt":"2025-05-22T11:03:11","guid":{"rendered":"https:\/\/www.compassrent.net\/sense%20categoria\/ci-horon-74xt\/"},"modified":"2025-12-03T12:15:40","modified_gmt":"2025-12-03T12:15:40","slug":"ci-horon-74xt","status":"publish","type":"product","link":"https:\/\/www.compassrent.net\/ca\/lloguer-autocaravanes-ca\/ci-horon-74xt\/","title":{"rendered":"CI Horon 74XT"},"content":{"rendered":"<h3 data-start=\"131\" data-end=\"173\">Autocaravana perfilada CI Horon 74 XT:<\/h3>\n<p data-start=\"175\" data-end=\"460\"><strong data-start=\"175\" data-end=\"186\">Chasis:<\/strong> Ford Transit<br data-start=\"199\" data-end=\"202\" \/><strong data-start=\"202\" data-end=\"212\">Motor:<\/strong> Ford 2.0L 170cv<br data-start=\"223\" data-end=\"226\" \/><strong data-start=\"226\" data-end=\"234\">MMA:<\/strong> 3.500 kg<br data-start=\"243\" data-end=\"246\" \/><strong data-start=\"246\" data-end=\"256\">Camas:<\/strong> Literas traseras + Cama basculante el\u00e9ctrica + Dinette transformable<br data-start=\"325\" data-end=\"328\" \/><strong data-start=\"328\" data-end=\"340\">Comedor:<\/strong> Dinette cl\u00e1sica<br data-start=\"356\" data-end=\"359\" \/><strong data-start=\"359\" data-end=\"376\">Ba\u00f1o y ducha:<\/strong> Separados<br data-start=\"386\" data-end=\"389\" \/><strong data-start=\"389\" data-end=\"400\">Garaje<\/strong><\/p>\n<hr \/>\n<p data-start=\"467\" data-end=\"493\"><strong data-start=\"467\" data-end=\"493\">Equipamiento incluido:<\/strong><\/p>\n<ul data-start=\"495\" data-end=\"1067\">\n<li data-start=\"565\" data-end=\"597\">\n<p data-start=\"567\" data-end=\"597\">Aire acondicionado en cabina<\/p>\n<\/li>\n<li data-start=\"598\" data-end=\"631\">\n<p data-start=\"600\" data-end=\"631\">Tempomat (control de crucero)<\/p>\n<\/li>\n<li data-start=\"632\" data-end=\"666\">\n<p data-start=\"634\" data-end=\"666\">Airbag conductor y acompa\u00f1ante<\/p>\n<\/li>\n<li data-start=\"667\" data-end=\"703\">\n<p data-start=\"669\" data-end=\"703\">Cortinas oscurecedoras en cabina<\/p>\n<\/li>\n<li data-start=\"704\" data-end=\"739\">\n<p data-start=\"706\" data-end=\"739\">Mosquitera en puerta de entrada<\/p>\n<\/li>\n<li data-start=\"740\" data-end=\"761\">\n<p data-start=\"742\" data-end=\"761\">Escal\u00f3n integrado<\/p>\n<\/li>\n<li data-start=\"762\" data-end=\"803\">\n<p data-start=\"764\" data-end=\"803\">Calefacci\u00f3n TRUMA Combi 4D (a gasoil)<\/p>\n<\/li>\n<li data-start=\"804\" data-end=\"836\">\n<p data-start=\"806\" data-end=\"836\">Panel LCD Truma para control<\/p>\n<\/li>\n<li data-start=\"837\" data-end=\"883\">\n<p data-start=\"839\" data-end=\"883\">Frigor\u00edfico trivalente autom\u00e1tico de 135 L<\/p>\n<\/li>\n<li data-start=\"884\" data-end=\"936\">\n<p data-start=\"886\" data-end=\"936\">Dep\u00f3sitos de agua: limpia 120 L \/ residual 100 L<\/p>\n<\/li>\n<li data-start=\"937\" data-end=\"988\">\n<p data-start=\"939\" data-end=\"988\">Aislamiento suelo\/paredes\/techo: 5,4 \/ 3 \/ 3 cm<\/p>\n<\/li>\n<li data-start=\"989\" data-end=\"1007\">\n<p data-start=\"991\" data-end=\"1007\">Tapa fregader<\/p>\n<\/li>\n<\/ul>\n<hr \/>\n<p data-start=\"2042\" data-end=\"2062\"><strong data-start=\"2042\" data-end=\"2062\">Incluye tambi\u00e9n:<\/strong><\/p>\n<ul data-start=\"2064\" data-end=\"2312\">\n<li data-start=\"2064\" data-end=\"2092\">\n<p data-start=\"2066\" data-end=\"2092\">Cu\u00f1as de estacionamiento<\/p>\n<\/li>\n<li data-start=\"2093\" data-end=\"2115\">\n<p data-start=\"2095\" data-end=\"2115\">Cable de corriente<\/p>\n<\/li>\n<li data-start=\"2116\" data-end=\"2144\">\n<p data-start=\"2118\" data-end=\"2144\">Manguera de agua potable<\/p>\n<\/li>\n<li data-start=\"2145\" data-end=\"2198\">\n<p data-start=\"2147\" data-end=\"2198\">Dep\u00f3sito de gasoil lleno (se debe devolver lleno)<\/p>\n<\/li>\n<li data-start=\"2199\" data-end=\"2218\">\n<p data-start=\"2201\" data-end=\"2218\">Bombonas de gas<\/p>\n<\/li>\n<li data-start=\"2219\" data-end=\"2238\">\n<p data-start=\"2221\" data-end=\"2238\">L\u00edquido para WC<\/p>\n<\/li>\n<li data-start=\"2239\" data-end=\"2270\">\n<p data-start=\"2241\" data-end=\"2270\">Asistencia en carretera 24H<\/p>\n<\/li>\n<li data-start=\"2271\" data-end=\"2292\">\n<p data-start=\"2273\" data-end=\"2292\">Limpieza exterior<\/p>\n<\/li>\n<li data-start=\"2293\" data-end=\"2312\">\n<p data-start=\"2295\" data-end=\"2312\">Kit de limpieza<\/p>\n<\/li>\n<\/ul>\n<hr \/>\n<ul>\n<li>IVA 21%<\/li>\n<li>Seguro a todo riesgo con franquicia 750\u20ac por siniestro (VISA)<\/li>\n<\/ul>\n","protected":false},"excerpt":{"rendered":"<p>Autocaravana perfilada CI Horon 74 XT: Chasis: Ford TransitMotor: Ford 2.0L 170cvMMA: 3.500 kgCamas: Literas traseras + Cama basculante el\u00e9ctrica + Dinette transformableComedor: Dinette cl\u00e1sicaBa\u00f1o y ducha: SeparadosGaraje Equipamiento incluido: Aire acondicionado en cabina Tempomat (control de crucero) Airbag conductor y acompa\u00f1ante Cortinas oscurecedoras en cabina Mosquitera en puerta de entrada Escal\u00f3n integrado Calefacci\u00f3n TRUMA [&hellip;]<\/p>\n","protected":false},"featured_media":3339,"comment_status":"open","ping_status":"closed","template":"","meta":[],"product_brand":[],"product_cat":[82],"product_tag":[],"class_list":{"0":"post-2928","1":"product","2":"type-product","3":"status-publish","4":"has-post-thumbnail","6":"product_cat-lloguer-autocaravanes-ca","8":"first","9":"instock","10":"shipping-taxable","11":"product-type-simple"},"_links":{"self":[{"href":"https:\/\/www.compassrent.net\/ca\/wp-json\/wp\/v2\/product\/2928","targetHints":{"allow":["GET"]}}],"collection":[{"href":"https:\/\/www.compassrent.net\/ca\/wp-json\/wp\/v2\/product"}],"about":[{"href":"https:\/\/www.compassrent.net\/ca\/wp-json\/wp\/v2\/types\/product"}],"replies":[{"embeddable":true,"href":"https:\/\/www.compassrent.net\/ca\/wp-json\/wp\/v2\/comments?post=2928"}],"wp:featuredmedia":[{"embeddable":true,"href":"https:\/\/www.compassrent.net\/ca\/wp-json\/wp\/v2\/media\/3339"}],"wp:attachment":[{"href":"https:\/\/www.compassrent.net\/ca\/wp-json\/wp\/v2\/media?parent=2928"}],"wp:term":[{"taxonomy":"product_brand","embeddable":true,"href":"https:\/\/www.compassrent.net\/ca\/wp-json\/wp\/v2\/product_brand?post=2928"},{"taxonomy":"product_cat","embeddable":true,"href":"https:\/\/www.compassrent.net\/ca\/wp-json\/wp\/v2\/product_cat?post=2928"},{"taxonomy":"product_tag","embeddable":true,"href":"https:\/\/www.compassrent.net\/ca\/wp-json\/wp\/v2\/product_tag?post=2928"}],"curies":[{"name":"wp","href":"https:\/\/api.w.org\/{rel}","templated":true}]}}