{"id":2716,"date":"2025-05-22T10:18:43","date_gmt":"2025-05-22T10:18:43","guid":{"rendered":"https:\/\/www.compassrent.net\/sense%20categoria\/ci-horon-84xt\/"},"modified":"2025-12-03T12:18:35","modified_gmt":"2025-12-03T12:18:35","slug":"ci-horon-84xt","status":"publish","type":"product","link":"https:\/\/www.compassrent.net\/ca\/lloguer-autocaravanes-ca\/ci-horon-84xt\/","title":{"rendered":"CI Horon 84XT"},"content":{"rendered":"<h3 data-start=\"174\" data-end=\"236\">Autocaravana perfilada CI Horon 84 XT (Cambio Autom\u00e1tico):<\/h3>\n<p data-start=\"238\" data-end=\"511\"><strong data-start=\"238\" data-end=\"249\">Chasis:<\/strong> Ford Transit<br data-start=\"262\" data-end=\"265\" \/><strong data-start=\"265\" data-end=\"275\">Motor:<\/strong> Ford 2.0L EcoBlue 170cv<br data-start=\"294\" data-end=\"297\" \/><strong data-start=\"297\" data-end=\"308\">Cambio:<\/strong> Autom\u00e1tico<br data-start=\"319\" data-end=\"322\" \/><strong data-start=\"322\" data-end=\"330\" data-is-only-node=\"\">MMA:<\/strong> 3.500 kg<br data-start=\"339\" data-end=\"342\" \/><strong data-start=\"342\" data-end=\"352\">Camas:<\/strong> Gemelas + Cama basculante el\u00e9ctrica + Dinette transformable<br data-start=\"412\" data-end=\"415\" \/><strong data-start=\"415\" data-end=\"427\">Comedor:<\/strong> Dinette cl\u00e1sica<br data-start=\"443\" data-end=\"446\" \/><strong data-start=\"446\" data-end=\"463\">Ba\u00f1o y ducha:<\/strong> Separados<br data-start=\"473\" data-end=\"476\" \/><strong data-start=\"476\" data-end=\"487\">Garaje:<\/strong> Port\u00f3n de 115&#215;85(72) cm<\/p>\n<hr \/>\n<p data-start=\"518\" data-end=\"544\"><strong data-start=\"518\" data-end=\"544\">Equipamiento incluido:<\/strong><\/p>\n<ul data-start=\"546\" data-end=\"1181\">\n<li data-start=\"604\" data-end=\"636\">\n<p data-start=\"606\" data-end=\"636\">Aire acondicionado en cabina<\/p>\n<\/li>\n<li data-start=\"637\" data-end=\"670\">\n<p data-start=\"639\" data-end=\"670\">Tempomat (control de crucero)<\/p>\n<\/li>\n<li data-start=\"671\" data-end=\"705\">\n<p data-start=\"673\" data-end=\"705\">Airbag conductor y acompa\u00f1ante<\/p>\n<\/li>\n<li data-start=\"706\" data-end=\"741\">\n<p data-start=\"708\" data-end=\"741\">Salpicadero con tomas USB y 12V<\/p>\n<\/li>\n<li data-start=\"742\" data-end=\"778\">\n<p data-start=\"744\" data-end=\"778\">Cortinas oscurecedoras en cabina<\/p>\n<\/li>\n<li data-start=\"779\" data-end=\"814\">\n<p data-start=\"781\" data-end=\"814\">Mosquitera en puerta de entrada<\/p>\n<\/li>\n<li data-start=\"815\" data-end=\"836\">\n<p data-start=\"817\" data-end=\"836\">Escal\u00f3n el\u00e9ctrico<\/p>\n<\/li>\n<li data-start=\"837\" data-end=\"883\">\n<p data-start=\"839\" data-end=\"883\">Frigor\u00edfico trivalente autom\u00e1tico de 145 L<\/p>\n<\/li>\n<li data-start=\"884\" data-end=\"903\">\n<p data-start=\"886\" data-end=\"903\">Panel LCD Truma<\/p>\n<\/li>\n<li data-start=\"904\" data-end=\"945\">\n<p data-start=\"906\" data-end=\"945\">Calefacci\u00f3n TRUMA Combi 4D (a gasoil)<\/p>\n<\/li>\n<li data-start=\"946\" data-end=\"976\">\n<p data-start=\"948\" data-end=\"976\">Bater\u00eda habit\u00e1culo: 100 Ah<\/p>\n<\/li>\n<li data-start=\"977\" data-end=\"1029\">\n<p data-start=\"979\" data-end=\"1029\">Dep\u00f3sitos de agua: limpia 120 L \/ residual 100 L<\/p>\n<\/li>\n<li data-start=\"1030\" data-end=\"1081\">\n<p data-start=\"1032\" data-end=\"1081\">Aislamiento suelo\/paredes\/techo: 5,4 \/ 3 \/ 3 cm<\/p>\n<\/li>\n<li data-start=\"1082\" data-end=\"1162\">\n<p data-start=\"1084\" data-end=\"1162\">Ventanas integradas y puerta de entrada XL con ventana y cierre centralizado<\/p>\n<\/li>\n<li data-start=\"1163\" data-end=\"1181\">\n<p data-start=\"1165\" data-end=\"1181\">Tapa fregadero<\/p>\n<\/li>\n<\/ul>\n<p data-start=\"2171\" data-end=\"2191\"><strong data-start=\"2171\" data-end=\"2191\">Incluye tambi\u00e9n:<\/strong><\/p>\n<ul data-start=\"2193\" data-end=\"2441\">\n<li data-start=\"2193\" data-end=\"2221\">\n<p data-start=\"2195\" data-end=\"2221\">Cu\u00f1as de estacionamiento<\/p>\n<\/li>\n<li data-start=\"2222\" data-end=\"2244\">\n<p data-start=\"2224\" data-end=\"2244\">Cable de corriente<\/p>\n<\/li>\n<li data-start=\"2245\" data-end=\"2273\">\n<p data-start=\"2247\" data-end=\"2273\">Manguera de agua potable<\/p>\n<\/li>\n<li data-start=\"2274\" data-end=\"2327\">\n<p data-start=\"2276\" data-end=\"2327\">Dep\u00f3sito de gasoil lleno (se debe devolver lleno)<\/p>\n<\/li>\n<li data-start=\"2328\" data-end=\"2347\">\n<p data-start=\"2330\" data-end=\"2347\">Bombonas de gas<\/p>\n<\/li>\n<li data-start=\"2348\" data-end=\"2367\">\n<p data-start=\"2350\" data-end=\"2367\">L\u00edquido para WC<\/p>\n<\/li>\n<li data-start=\"2368\" data-end=\"2399\">\n<p data-start=\"2370\" data-end=\"2399\">Asistencia en carretera 24H<\/p>\n<\/li>\n<li data-start=\"2400\" data-end=\"2421\">\n<p data-start=\"2402\" data-end=\"2421\">Limpieza exterior<\/p>\n<\/li>\n<li data-start=\"2422\" data-end=\"2441\">\n<p data-start=\"2424\" data-end=\"2441\">Kit de limpieza<\/p>\n<\/li>\n<\/ul>\n<hr \/>\n<ul>\n<li>IVA 21%<\/li>\n<li>Seguro a todo riesgo con franquicia 900\u20ac por siniestro (VISA)<\/li>\n<\/ul>\n","protected":false},"excerpt":{"rendered":"<p>Autocaravana perfilada CI Horon 84 XT (Cambio Autom\u00e1tico): Chasis: Ford TransitMotor: Ford 2.0L EcoBlue 170cvCambio: Autom\u00e1ticoMMA: 3.500 kgCamas: Gemelas + Cama basculante el\u00e9ctrica + Dinette transformableComedor: Dinette cl\u00e1sicaBa\u00f1o y ducha: SeparadosGaraje: Port\u00f3n de 115&#215;85(72) cm Equipamiento incluido: Aire acondicionado en cabina Tempomat (control de crucero) Airbag conductor y acompa\u00f1ante Salpicadero con tomas USB y 12V [&hellip;]<\/p>\n","protected":false},"featured_media":3343,"comment_status":"open","ping_status":"closed","template":"","meta":[],"product_brand":[],"product_cat":[82],"product_tag":[],"class_list":{"0":"post-2716","1":"product","2":"type-product","3":"status-publish","4":"has-post-thumbnail","6":"product_cat-lloguer-autocaravanes-ca","8":"first","9":"instock","10":"shipping-taxable","11":"product-type-simple"},"_links":{"self":[{"href":"https:\/\/www.compassrent.net\/ca\/wp-json\/wp\/v2\/product\/2716","targetHints":{"allow":["GET"]}}],"collection":[{"href":"https:\/\/www.compassrent.net\/ca\/wp-json\/wp\/v2\/product"}],"about":[{"href":"https:\/\/www.compassrent.net\/ca\/wp-json\/wp\/v2\/types\/product"}],"replies":[{"embeddable":true,"href":"https:\/\/www.compassrent.net\/ca\/wp-json\/wp\/v2\/comments?post=2716"}],"wp:featuredmedia":[{"embeddable":true,"href":"https:\/\/www.compassrent.net\/ca\/wp-json\/wp\/v2\/media\/3343"}],"wp:attachment":[{"href":"https:\/\/www.compassrent.net\/ca\/wp-json\/wp\/v2\/media?parent=2716"}],"wp:term":[{"taxonomy":"product_brand","embeddable":true,"href":"https:\/\/www.compassrent.net\/ca\/wp-json\/wp\/v2\/product_brand?post=2716"},{"taxonomy":"product_cat","embeddable":true,"href":"https:\/\/www.compassrent.net\/ca\/wp-json\/wp\/v2\/product_cat?post=2716"},{"taxonomy":"product_tag","embeddable":true,"href":"https:\/\/www.compassrent.net\/ca\/wp-json\/wp\/v2\/product_tag?post=2716"}],"curies":[{"name":"wp","href":"https:\/\/api.w.org\/{rel}","templated":true}]}}