{"id":2414,"date":"2025-05-22T08:47:19","date_gmt":"2025-05-22T08:47:19","guid":{"rendered":"https:\/\/www.compassrent.net\/sense%20categoria\/rapido-666f\/"},"modified":"2025-12-03T12:21:25","modified_gmt":"2025-12-03T12:21:25","slug":"rapido-666f","status":"publish","type":"product","link":"https:\/\/www.compassrent.net\/ca\/lloguer-autocaravanes-ca\/rapido-666f\/","title":{"rendered":"Rapido 666F"},"content":{"rendered":"<h3 data-start=\"149\" data-end=\"189\">Autocaravana perfilada Rapido 666 F:<\/h3>\n<p data-start=\"191\" data-end=\"392\"><strong data-start=\"191\" data-end=\"202\">Chasis:<\/strong> Fiat<br data-start=\"207\" data-end=\"210\" \/><strong data-start=\"210\" data-end=\"220\">Motor:<\/strong> 2.2L 140cv<br data-start=\"231\" data-end=\"234\" \/><strong data-start=\"234\" data-end=\"242\">MMA:<\/strong> 3.500 kg<br data-start=\"251\" data-end=\"254\" \/><strong data-start=\"254\" data-end=\"264\" data-is-only-node=\"\">Camas:<\/strong> Gemelas + Cama basculante el\u00e9ctrica<br data-start=\"300\" data-end=\"303\" \/><strong data-start=\"303\" data-end=\"315\">Comedor:<\/strong> Dinette en L<br data-start=\"328\" data-end=\"331\" \/><strong data-start=\"331\" data-end=\"348\">Ba\u00f1o y ducha:<\/strong> Separados<br data-start=\"358\" data-end=\"361\" \/><strong data-start=\"361\" data-end=\"372\">Garaje:<\/strong> Port\u00f3n de 100&#215;87 cm<\/p>\n<p data-start=\"399\" data-end=\"425\"><strong data-start=\"399\" data-end=\"425\">Equipamiento incluido:<\/strong><\/p>\n<ul data-start=\"427\" data-end=\"1785\">\n<li data-start=\"427\" data-end=\"459\">\n<p data-start=\"429\" data-end=\"459\">Aire acondicionado en cabina<\/p>\n<\/li>\n<li data-start=\"460\" data-end=\"533\">\n<p data-start=\"462\" data-end=\"533\">Asientos de cabina regulables en altura, giratorios, con reposabrazos<\/p>\n<\/li>\n<li data-start=\"534\" data-end=\"619\">\n<p data-start=\"536\" data-end=\"619\">Cierres de seguridad en puerta de entrada (cierre de dos puntos con ventana fija)<\/p>\n<\/li>\n<li data-start=\"620\" data-end=\"655\">\n<p data-start=\"622\" data-end=\"655\">Mosquitera en puerta de entrada<\/p>\n<\/li>\n<li data-start=\"656\" data-end=\"732\">\n<p data-start=\"658\" data-end=\"732\">Cortinas oscurecedoras en cabina (isot\u00e9rmicas extra\u00edbles, doble pliegue)<\/p>\n<\/li>\n<li data-start=\"733\" data-end=\"790\">\n<p data-start=\"735\" data-end=\"790\">Cierre centralizado de puertas de cabina y habit\u00e1culo<\/p>\n<\/li>\n<li data-start=\"791\" data-end=\"845\">\n<p data-start=\"793\" data-end=\"845\">Skyview panor\u00e1mico en cabina con defrost el\u00e9ctrico<\/p>\n<\/li>\n<li data-start=\"846\" data-end=\"876\">\n<p data-start=\"848\" data-end=\"876\">Traction+ con Hill Descent<\/p>\n<\/li>\n<li data-start=\"877\" data-end=\"930\">\n<p data-start=\"879\" data-end=\"930\">ESC con ASR, ROM y ayuda al arranque en pendiente<\/p>\n<\/li>\n<li data-start=\"931\" data-end=\"980\">\n<p data-start=\"933\" data-end=\"980\">C\u00e1mara de marcha atr\u00e1s con pantalla integrada<\/p>\n<\/li>\n<li data-start=\"981\" data-end=\"1049\">\n<p data-start=\"983\" data-end=\"1049\">Apple Car Play \/ Android Auto (pantalla t\u00e1ctil 6.8&#8243; Pioneer DAB)<\/p>\n<\/li>\n<li data-start=\"1050\" data-end=\"1099\">\n<p data-start=\"1052\" data-end=\"1099\">Volante multifunci\u00f3n y pomo de cambio en piel<\/p>\n<\/li>\n<li data-start=\"1100\" data-end=\"1133\">\n<p data-start=\"1102\" data-end=\"1133\">Tempomat (control de crucero)<\/p>\n<\/li>\n<li data-start=\"1134\" data-end=\"1189\">\n<p data-start=\"1136\" data-end=\"1189\">Salpicadero con soporte para tablet, USB y toma 12V<\/p>\n<\/li>\n<li data-start=\"1190\" data-end=\"1242\">\n<p data-start=\"1192\" data-end=\"1242\">Cajones de cocina con cierre soft y centralizado<\/p>\n<\/li>\n<li data-start=\"1243\" data-end=\"1277\">\n<p data-start=\"1245\" data-end=\"1277\">Campana extractora con luz LED<\/p>\n<\/li>\n<li data-start=\"1278\" data-end=\"1333\">\n<p data-start=\"1280\" data-end=\"1333\">Iluminaci\u00f3n ambiental en sal\u00f3n, cocina y dormitorio<\/p>\n<\/li>\n<li data-start=\"1334\" data-end=\"1363\">\n<p data-start=\"1336\" data-end=\"1363\">Calefacci\u00f3n TRUMA Combi 4<\/p>\n<\/li>\n<li data-start=\"1364\" data-end=\"1383\">\n<p data-start=\"1366\" data-end=\"1383\">Panel LCD Truma<\/p>\n<\/li>\n<li data-start=\"1384\" data-end=\"1417\">\n<p data-start=\"1386\" data-end=\"1417\">Frigor\u00edfico AES de 156 litros<\/p>\n<\/li>\n<li data-start=\"1418\" data-end=\"1470\">\n<p data-start=\"1420\" data-end=\"1470\">Dep\u00f3sitos de agua: limpia 110 L \/ residual 100 L<\/p>\n<\/li>\n<li data-start=\"1471\" data-end=\"1512\">\n<p data-start=\"1473\" data-end=\"1512\">Dep\u00f3sito de gasoil 75 L + AdBlue 19 L<\/p>\n<\/li>\n<li data-start=\"1513\" data-end=\"1545\">\n<p data-start=\"1515\" data-end=\"1545\">Bater\u00eda habit\u00e1culo de 100 Ah<\/p>\n<\/li>\n<li data-start=\"1546\" data-end=\"1588\">\n<p data-start=\"1548\" data-end=\"1588\">Inversor autom\u00e1tico de bombonas de gas<\/p>\n<\/li>\n<li data-start=\"1589\" data-end=\"1688\">\n<p data-start=\"1591\" data-end=\"1688\">Construcci\u00f3n NOVATECH (pared de poli\u00e9ster anti golpes, techo antichoque, aislamiento Styrofoam)<\/p>\n<\/li>\n<li data-start=\"1689\" data-end=\"1719\">\n<p data-start=\"1691\" data-end=\"1719\">Llantas de aleaci\u00f3n de 16&#8243;<\/p>\n<\/li>\n<li data-start=\"1720\" data-end=\"1741\">\n<p data-start=\"1722\" data-end=\"1741\">Escal\u00f3n integrado<\/p>\n<\/li>\n<li data-start=\"1742\" data-end=\"1785\">\n<p data-start=\"1744\" data-end=\"1785\">Espacio para 2 bombonas de gas de 13 kg<\/p>\n<\/li>\n<\/ul>\n<hr data-start=\"1787\" data-end=\"1790\" \/>\n<p data-start=\"1792\" data-end=\"1812\"><strong data-start=\"1792\" data-end=\"1812\">Incluye tambi\u00e9n:<\/strong><\/p>\n<ul data-start=\"1814\" data-end=\"2060\">\n<li data-start=\"1814\" data-end=\"1842\">\n<p data-start=\"1816\" data-end=\"1842\">Cu\u00f1as de estacionamiento<\/p>\n<\/li>\n<li data-start=\"1843\" data-end=\"1865\">\n<p data-start=\"1845\" data-end=\"1865\">Cable de corriente<\/p>\n<\/li>\n<li data-start=\"1866\" data-end=\"1894\">\n<p data-start=\"1868\" data-end=\"1894\">Manguera de agua potable<\/p>\n<\/li>\n<li data-start=\"1895\" data-end=\"1948\">\n<p data-start=\"1897\" data-end=\"1948\">Dep\u00f3sito de gasoil lleno (se debe devolver lleno)<\/p>\n<\/li>\n<li data-start=\"1949\" data-end=\"1968\">\n<p data-start=\"1951\" data-end=\"1968\">Bombonas de gas<\/p>\n<\/li>\n<li data-start=\"1969\" data-end=\"1988\">\n<p data-start=\"1971\" data-end=\"1988\">L\u00edquido para WC<\/p>\n<\/li>\n<li data-start=\"1989\" data-end=\"2020\">\n<p data-start=\"1991\" data-end=\"2020\">Asistencia en carretera 24H<\/p>\n<\/li>\n<li data-start=\"2021\" data-end=\"2042\">\n<p data-start=\"2023\" data-end=\"2042\">Limpieza exterior<\/p>\n<\/li>\n<li data-start=\"2043\" data-end=\"2060\">\n<p data-start=\"2045\" data-end=\"2060\">Kit de limpieza<\/p>\n<\/li>\n<\/ul>\n<hr data-start=\"2062\" data-end=\"2065\" \/>\n<ul>\n<li>IVA 21%<\/li>\n<li>Seguro a todo riesgo con franquicia 900\u20ac por siniestro (VISA)<\/li>\n<\/ul>\n","protected":false},"excerpt":{"rendered":"<p>Autocaravana perfilada Rapido 666 F: Chasis: FiatMotor: 2.2L 140cvMMA: 3.500 kgCamas: Gemelas + Cama basculante el\u00e9ctricaComedor: Dinette en LBa\u00f1o y ducha: SeparadosGaraje: Port\u00f3n de 100&#215;87 cm Equipamiento incluido: Aire acondicionado en cabina Asientos de cabina regulables en altura, giratorios, con reposabrazos Cierres de seguridad en puerta de entrada (cierre de dos puntos con ventana fija) [&hellip;]<\/p>\n","protected":false},"featured_media":3349,"comment_status":"open","ping_status":"closed","template":"","meta":[],"product_brand":[],"product_cat":[82],"product_tag":[],"class_list":{"0":"post-2414","1":"product","2":"type-product","3":"status-publish","4":"has-post-thumbnail","6":"product_cat-lloguer-autocaravanes-ca","8":"first","9":"instock","10":"shipping-taxable","11":"product-type-simple"},"_links":{"self":[{"href":"https:\/\/www.compassrent.net\/ca\/wp-json\/wp\/v2\/product\/2414","targetHints":{"allow":["GET"]}}],"collection":[{"href":"https:\/\/www.compassrent.net\/ca\/wp-json\/wp\/v2\/product"}],"about":[{"href":"https:\/\/www.compassrent.net\/ca\/wp-json\/wp\/v2\/types\/product"}],"replies":[{"embeddable":true,"href":"https:\/\/www.compassrent.net\/ca\/wp-json\/wp\/v2\/comments?post=2414"}],"wp:featuredmedia":[{"embeddable":true,"href":"https:\/\/www.compassrent.net\/ca\/wp-json\/wp\/v2\/media\/3349"}],"wp:attachment":[{"href":"https:\/\/www.compassrent.net\/ca\/wp-json\/wp\/v2\/media?parent=2414"}],"wp:term":[{"taxonomy":"product_brand","embeddable":true,"href":"https:\/\/www.compassrent.net\/ca\/wp-json\/wp\/v2\/product_brand?post=2414"},{"taxonomy":"product_cat","embeddable":true,"href":"https:\/\/www.compassrent.net\/ca\/wp-json\/wp\/v2\/product_cat?post=2414"},{"taxonomy":"product_tag","embeddable":true,"href":"https:\/\/www.compassrent.net\/ca\/wp-json\/wp\/v2\/product_tag?post=2414"}],"curies":[{"name":"wp","href":"https:\/\/api.w.org\/{rel}","templated":true}]}}